{"id":58,"date":"2025-11-26T17:15:36","date_gmt":"2025-11-26T16:15:36","guid":{"rendered":"http:\/\/localhost\/?page_id=58"},"modified":"2025-12-25T19:17:47","modified_gmt":"2025-12-25T18:17:47","slug":"equipement-du-chalet","status":"publish","type":"page","link":"https:\/\/www.lechaletdurevv.fr\/?page_id=58","title":{"rendered":"Equipements"},"content":{"rendered":"\n<p>Voici un aper\u00e7u de l&#8217;\u00e9quipement du chalet :<\/p>\n\n\n\n<div class=\"wp-block-columns is-layout-flex wp-container-core-columns-is-layout-9d6595d7 wp-block-columns-is-layout-flex\">\n<div class=\"wp-block-column is-layout-flow wp-block-column-is-layout-flow\" style=\"flex-basis:50%\">\n<p>Cuisine :<\/p>\n<ul>\n<li>appareil \u00e0 raclette<\/li>\n<li>appareil \u00e0 fondue \u00e9lectrique<\/li>\n<li>appareil \u00e0 fondue classique<\/li>\n<li>wok<\/li>\n<li>mixeur<\/li>\n<li>grille pour grillade pour la chemin\u00e9e<\/li>\n<li>cafeti\u00e8re<\/li>\n<li>bouilloire<\/li>\n<li>four \u00e9lectrique<\/li>\n<li>2 plaques electriques<\/li>\n<li>1 frigo (petit)<\/li>\n<li>poeles dont une crepiere<\/li>\n<li>casseroles et cocote minute<\/li>\n<li>vaisselle &#8230;<\/li>\n<\/ul>\n<p>\u00a0<\/p>\n<\/div>\n\n\n\n<div class=\"wp-block-column is-layout-flow wp-block-column-is-layout-flow\" style=\"flex-basis:50%\">\n<p>Autres :<\/p>\n\n\n\n<ul class=\"wp-block-list\">\n<li>un poste de radio<\/li>\n\n\n\n<li>un poste de t\u00e9l\u00e9vision<\/li>\n\n\n\n<li>aspirateur<\/li>\n\n\n\n<li>une machine \u00e0 laver<\/li>\n\n\n\n<li>couvertures et oreillers<\/li>\n\n\n\n<li>internet pas encore disponible (4G accessible)<\/li>\n\n\n\n<li>bois (compris dans le prix de la location)<\/li>\n<\/ul>\n<\/div>\n<\/div>\n\n\n\n<div class=\"wp-block-column is-layout-flow wp-block-column-is-layout-flow\" style=\"flex-basis:50%\">\n<p><ul><br><\/ul><\/p>\n\n\n\n<p><\/p>\n<\/div>\n","protected":false},"excerpt":{"rendered":"<p>Voici un aper\u00e7u de l&#8217;\u00e9quipement du chalet : Cuisine : appareil \u00e0 raclette appareil \u00e0 fondue \u00e9lectrique appareil \u00e0 fondue classique wok mixeur grille pour &hellip; <\/p>\n","protected":false},"author":1,"featured_media":0,"parent":0,"menu_order":0,"comment_status":"closed","ping_status":"closed","template":"","meta":{"footnotes":""},"class_list":["post-58","page","type-page","status-publish","hentry","latest_post"],"_links":{"self":[{"href":"https:\/\/www.lechaletdurevv.fr\/index.php?rest_route=\/wp\/v2\/pages\/58","targetHints":{"allow":["GET"]}}],"collection":[{"href":"https:\/\/www.lechaletdurevv.fr\/index.php?rest_route=\/wp\/v2\/pages"}],"about":[{"href":"https:\/\/www.lechaletdurevv.fr\/index.php?rest_route=\/wp\/v2\/types\/page"}],"author":[{"embeddable":true,"href":"https:\/\/www.lechaletdurevv.fr\/index.php?rest_route=\/wp\/v2\/users\/1"}],"replies":[{"embeddable":true,"href":"https:\/\/www.lechaletdurevv.fr\/index.php?rest_route=%2Fwp%2Fv2%2Fcomments&post=58"}],"version-history":[{"count":19,"href":"https:\/\/www.lechaletdurevv.fr\/index.php?rest_route=\/wp\/v2\/pages\/58\/revisions"}],"predecessor-version":[{"id":493,"href":"https:\/\/www.lechaletdurevv.fr\/index.php?rest_route=\/wp\/v2\/pages\/58\/revisions\/493"}],"wp:attachment":[{"href":"https:\/\/www.lechaletdurevv.fr\/index.php?rest_route=%2Fwp%2Fv2%2Fmedia&parent=58"}],"curies":[{"name":"wp","href":"https:\/\/api.w.org\/{rel}","templated":true}]}}